{"id":9605,"date":"2023-04-04T15:23:00","date_gmt":"2023-04-04T13:23:00","guid":{"rendered":"https:\/\/carfitrepair.com\/?page_id=9605"},"modified":"2023-05-12T09:19:56","modified_gmt":"2023-05-12T07:19:56","slug":"ueber-uns","status":"publish","type":"page","link":"https:\/\/carfitrepair.com\/en\/ueber-uns\/","title":{"rendered":"About us"},"content":{"rendered":"<div data-elementor-type=\"wp-page\" data-elementor-id=\"9605\" class=\"elementor elementor-9605\" data-elementor-post-type=\"page\">\n\t\t\t\t\t\t<section class=\"elementor-section elementor-top-section elementor-element elementor-element-793feb4 elementor-section-full_width elementor-section-height-default elementor-section-height-default\" data-id=\"793feb4\" data-element_type=\"section\" data-settings=\"{&quot;background_background&quot;:&quot;classic&quot;}\">\n\t\t\t\t\t\t<div class=\"elementor-container elementor-column-gap-no\">\n\t\t\t\t\t<div class=\"elementor-column elementor-col-100 elementor-top-column elementor-element elementor-element-e6dd912\" data-id=\"e6dd912\" data-element_type=\"column\">\n\t\t\t<div class=\"elementor-widget-wrap elementor-element-populated\">\n\t\t\t\t\t\t<div class=\"elementor-element elementor-element-99cf200 elementor-invisible elementor-widget elementor-widget-heading\" data-id=\"99cf200\" data-element_type=\"widget\" data-settings=\"{&quot;_animation&quot;:&quot;fadeIn&quot;}\" data-widget_type=\"heading.default\">\n\t\t\t\t<div class=\"elementor-widget-container\">\n\t\t\t<style>\/*! elementor - v3.22.0 - 26-06-2024 *\/\n.elementor-heading-title{padding:0;margin:0;line-height:1}.elementor-widget-heading .elementor-heading-title[class*=elementor-size-]>a{color:inherit;font-size:inherit;line-height:inherit}.elementor-widget-heading .elementor-heading-title.elementor-size-small{font-size:15px}.elementor-widget-heading .elementor-heading-title.elementor-size-medium{font-size:19px}.elementor-widget-heading .elementor-heading-title.elementor-size-large{font-size:29px}.elementor-widget-heading .elementor-heading-title.elementor-size-xl{font-size:39px}.elementor-widget-heading .elementor-heading-title.elementor-size-xxl{font-size:59px}<\/style><p class=\"elementor-heading-title elementor-size-default\">About us<\/p>\t\t<\/div>\n\t\t\t\t<\/div>\n\t\t\t\t<div class=\"elementor-element elementor-element-677677c elementor-icon-list--layout-inline elementor-list-item-link-inline elementor-align-center elementor-widget elementor-widget-icon-list\" data-id=\"677677c\" data-element_type=\"widget\" data-widget_type=\"icon-list.default\">\n\t\t\t\t<div class=\"elementor-widget-container\">\n\t\t\t<link rel=\"stylesheet\" href=\"https:\/\/carfitrepair.com\/wp-content\/uploads\/elementor\/css\/custom-widget-icon-list.min.css?ver=1733755346\">\t\t<ul class=\"elementor-icon-list-items elementor-inline-items\">\n\t\t\t\t\t\t\t<li class=\"elementor-icon-list-item elementor-inline-item\">\n\t\t\t\t\t\t\t\t\t\t\t<a href=\"https:\/\/carfitrepair.com\/en\">\n\n\t\t\t\t\t\t\t\t\t\t\t<span class=\"elementor-icon-list-text\">Home<\/span>\n\t\t\t\t\t\t\t\t\t\t\t<\/a>\n\t\t\t\t\t\t\t\t\t<\/li>\n\t\t\t\t\t\t\t\t<li class=\"elementor-icon-list-item elementor-inline-item\">\n\t\t\t\t\t\t\t\t\t\t\t<span class=\"elementor-icon-list-icon\">\n\t\t\t\t\t\t\t<i aria-hidden=\"true\" class=\"divisiongmd-icon- division-gmd-icon-action-arrow_right_alt\"><\/i>\t\t\t\t\t\t<\/span>\n\t\t\t\t\t\t\t\t\t\t<span class=\"elementor-icon-list-text\">About us<\/span>\n\t\t\t\t\t\t\t\t\t<\/li>\n\t\t\t\t\t\t<\/ul>\n\t\t\t\t<\/div>\n\t\t\t\t<\/div>\n\t\t\t\t\t<\/div>\n\t\t<\/div>\n\t\t\t\t\t<\/div>\n\t\t<\/section>\n\t\t\t\t<section class=\"elementor-section elementor-top-section elementor-element elementor-element-bce9674 elementor-section-height-min-height elementor-section-items-stretch elementor-section-content-middle elementor-section-boxed elementor-section-height-default\" data-id=\"bce9674\" data-element_type=\"section\" data-settings=\"{&quot;background_background&quot;:&quot;classic&quot;}\">\n\t\t\t\t\t\t<div class=\"elementor-container elementor-column-gap-no\">\n\t\t\t\t\t<div class=\"elementor-column elementor-col-50 elementor-top-column elementor-element elementor-element-363bde7\" data-id=\"363bde7\" data-element_type=\"column\">\n\t\t\t<div class=\"elementor-widget-wrap elementor-element-populated\">\n\t\t\t\t\t\t<div class=\"elementor-element elementor-element-3d8fc54 elementor-invisible elementor-widget elementor-widget-heading\" data-id=\"3d8fc54\" data-element_type=\"widget\" data-settings=\"{&quot;_animation&quot;:&quot;fadeIn&quot;}\" data-widget_type=\"heading.default\">\n\t\t\t\t<div class=\"elementor-widget-container\">\n\t\t\t<p class=\"elementor-heading-title elementor-size-default\">Rebel Family<\/p>\t\t<\/div>\n\t\t\t\t<\/div>\n\t\t\t\t<div class=\"elementor-element elementor-element-6fbaed0 elementor-invisible elementor-widget elementor-widget-text-editor\" data-id=\"6fbaed0\" data-element_type=\"widget\" data-settings=\"{&quot;_animation&quot;:&quot;fadeIn&quot;}\" data-widget_type=\"text-editor.default\">\n\t\t\t\t<div class=\"elementor-widget-container\">\n\t\t\t<style>\/*! elementor - v3.22.0 - 26-06-2024 *\/\n.elementor-widget-text-editor.elementor-drop-cap-view-stacked .elementor-drop-cap{background-color:#69727d;color:#fff}.elementor-widget-text-editor.elementor-drop-cap-view-framed .elementor-drop-cap{color:#69727d;border:3px solid;background-color:transparent}.elementor-widget-text-editor:not(.elementor-drop-cap-view-default) .elementor-drop-cap{margin-top:8px}.elementor-widget-text-editor:not(.elementor-drop-cap-view-default) .elementor-drop-cap-letter{width:1em;height:1em}.elementor-widget-text-editor .elementor-drop-cap{float:left;text-align:center;line-height:1;font-size:50px}.elementor-widget-text-editor .elementor-drop-cap-letter{display:inline-block}<\/style>\t\t\t\t<p class=\"translation-block\">You are probably asking yourself what the <strong>REBEL FLAIR<\/strong> in our logo is all about?<\/p>\t\t\t\t\t\t<\/div>\n\t\t\t\t<\/div>\n\t\t\t\t<div class=\"elementor-element elementor-element-2f35197 elementor-invisible elementor-widget elementor-widget-text-editor\" data-id=\"2f35197\" data-element_type=\"widget\" data-settings=\"{&quot;_animation&quot;:&quot;fadeIn&quot;}\" data-widget_type=\"text-editor.default\">\n\t\t\t\t<div class=\"elementor-widget-container\">\n\t\t\t\t\t\t\t<p>This question is quite easy to answer:<\/p>\t\t\t\t\t\t<\/div>\n\t\t\t\t<\/div>\n\t\t\t\t<div class=\"elementor-element elementor-element-080ca78 elementor-invisible elementor-widget elementor-widget-text-editor\" data-id=\"080ca78\" data-element_type=\"widget\" data-settings=\"{&quot;_animation&quot;:&quot;fadeIn&quot;}\" data-widget_type=\"text-editor.default\">\n\t\t\t\t<div class=\"elementor-widget-container\">\n\t\t\t\t\t\t\t<p>We are a team of specialists who always ask ourselves which products the END CONSUMER really needs and what we can do differently than our competitors. With our \"out of the box\" mindset, we can always offer our partners an individual product range and react quickly to changes in the market. Due to our company structure, there are short decision-making processes, which enable us to react quickly and flexibly. On this basis and in close cooperation with our partners, we manage to bring new products to market in the shortest possible time, such as the new \"Perfect Multi Green Spatula\".<\/p>\t\t\t\t\t\t<\/div>\n\t\t\t\t<\/div>\n\t\t\t\t<div class=\"elementor-element elementor-element-6966039 elementor-invisible elementor-widget elementor-widget-text-editor\" data-id=\"6966039\" data-element_type=\"widget\" data-settings=\"{&quot;_animation&quot;:&quot;fadeIn&quot;}\" data-widget_type=\"text-editor.default\">\n\t\t\t\t<div class=\"elementor-widget-container\">\n\t\t\t\t\t\t\t<p>Together with us, you have the opportunity to optimally supply the market in all price segments.<\/p>\t\t\t\t\t\t<\/div>\n\t\t\t\t<\/div>\n\t\t\t\t<div class=\"elementor-element elementor-element-df56f23 elementor-invisible elementor-widget elementor-widget-text-editor\" data-id=\"df56f23\" data-element_type=\"widget\" data-settings=\"{&quot;_animation&quot;:&quot;fadeIn&quot;}\" data-widget_type=\"text-editor.default\">\n\t\t\t\t<div class=\"elementor-widget-container\">\n\t\t\t\t\t\t\t<p>Join our \"Rebel Family\" and contact us today.<\/p>\t\t\t\t\t\t<\/div>\n\t\t\t\t<\/div>\n\t\t\t\t<div class=\"elementor-element elementor-element-bb00a3e elementor-invisible elementor-widget elementor-widget-text-editor\" data-id=\"bb00a3e\" data-element_type=\"widget\" data-settings=\"{&quot;_animation&quot;:&quot;fadeIn&quot;}\" data-widget_type=\"text-editor.default\">\n\t\t\t\t<div class=\"elementor-widget-container\">\n\t\t\t\t\t\t\t<p class=\"translation-block\">Now that your interest has been piqued, feel free to take a look at our corporate website <a href=\"http:\/\/www.augusthandel.com\/\" target=\"_self\">www.augusthandel.com<\/a> for initial information on our other brands.<\/p>\t\t\t\t\t\t<\/div>\n\t\t\t\t<\/div>\n\t\t\t\t<div class=\"elementor-element elementor-element-0191138 elementor-invisible elementor-widget elementor-widget-text-editor\" data-id=\"0191138\" data-element_type=\"widget\" data-settings=\"{&quot;_animation&quot;:&quot;fadeIn&quot;}\" data-widget_type=\"text-editor.default\">\n\t\t\t\t<div class=\"elementor-widget-container\">\n\t\t\t\t\t\t\t<p>We are looking forward to meet you soon.<\/p>\t\t\t\t\t\t<\/div>\n\t\t\t\t<\/div>\n\t\t\t\t<div class=\"elementor-element elementor-element-f8c8223 elementor-invisible elementor-widget elementor-widget-text-editor\" data-id=\"f8c8223\" data-element_type=\"widget\" data-settings=\"{&quot;_animation&quot;:&quot;fadeIn&quot;}\" data-widget_type=\"text-editor.default\">\n\t\t\t\t<div class=\"elementor-widget-container\">\n\t\t\t\t\t\t\t<p>Your C.A.R.FIT Team<\/p>\t\t\t\t\t\t<\/div>\n\t\t\t\t<\/div>\n\t\t\t\t\t<\/div>\n\t\t<\/div>\n\t\t\t\t<div class=\"elementor-column elementor-col-50 elementor-top-column elementor-element elementor-element-6f1fa36 elementor-invisible\" data-id=\"6f1fa36\" data-element_type=\"column\" data-settings=\"{&quot;background_background&quot;:&quot;classic&quot;,&quot;animation&quot;:&quot;fadeIn&quot;}\">\n\t\t\t<div class=\"elementor-widget-wrap elementor-element-populated\">\n\t\t\t\t\t\t<div class=\"elementor-element elementor-element-6f8f2a3 elementor-widget elementor-widget-image\" data-id=\"6f8f2a3\" data-element_type=\"widget\" data-widget_type=\"image.default\">\n\t\t\t\t<div class=\"elementor-widget-container\">\n\t\t\t<style>\/*! elementor - v3.22.0 - 26-06-2024 *\/\n.elementor-widget-image{text-align:center}.elementor-widget-image a{display:inline-block}.elementor-widget-image a img[src$=\".svg\"]{width:48px}.elementor-widget-image img{vertical-align:middle;display:inline-block}<\/style>\t\t\t\t\t\t\t\t\t\t<img fetchpriority=\"high\" decoding=\"async\" width=\"800\" height=\"416\" src=\"https:\/\/carfitrepair.com\/wp-content\/uploads\/2023\/04\/carfitrepair-ueber-uns-1024x533.jpg\" class=\"attachment-large size-large wp-image-10457\" alt=\"\" srcset=\"https:\/\/carfitrepair.com\/wp-content\/uploads\/2023\/04\/carfitrepair-ueber-uns-1024x533.jpg 1024w, https:\/\/carfitrepair.com\/wp-content\/uploads\/2023\/04\/carfitrepair-ueber-uns-300x156.jpg 300w, https:\/\/carfitrepair.com\/wp-content\/uploads\/2023\/04\/carfitrepair-ueber-uns-768x400.jpg 768w, https:\/\/carfitrepair.com\/wp-content\/uploads\/2023\/04\/carfitrepair-ueber-uns-18x9.jpg 18w, https:\/\/carfitrepair.com\/wp-content\/uploads\/2023\/04\/carfitrepair-ueber-uns.jpg 1200w\" sizes=\"(max-width: 800px) 100vw, 800px\" \/>\t\t\t\t\t\t\t\t\t\t\t\t\t<\/div>\n\t\t\t\t<\/div>\n\t\t\t\t\t<\/div>\n\t\t<\/div>\n\t\t\t\t\t<\/div>\n\t\t<\/section>\n\t\t\t\t<\/div>","protected":false},"excerpt":{"rendered":"<p>\u00dcber uns Home \u00dcber uns Rebel Family Sie stellen sich sicher die Frage, was es mit dem REBEL FLAIR\u00a0 in unserem Logo auf sich hat? Diese Frage ist ganz einfach zu beantworten: Wir sind ein Team aus Spezialisten, welches sich stets die Frage stellt, welche Produkte der ENDVERBRAUCHER wirklich ben\u00f6tigt und was wir anders machen [&hellip;]<\/p>","protected":false},"author":1,"featured_media":0,"parent":0,"menu_order":0,"comment_status":"closed","ping_status":"closed","template":"elementor_header_footer","meta":{"footnotes":""},"class_list":["post-9605","page","type-page","status-publish","hentry"],"yoast_head":"<!-- This site is optimized with the Yoast SEO plugin v24.7 - https:\/\/yoast.com\/wordpress\/plugins\/seo\/ -->\n<title>\u00dcber uns - C.A.R.FIT<\/title>\n<meta name=\"robots\" content=\"index, follow, max-snippet:-1, max-image-preview:large, max-video-preview:-1\" \/>\n<link rel=\"canonical\" href=\"https:\/\/carfitrepair.com\/en\/ueber-uns\/\" \/>\n<meta property=\"og:locale\" content=\"en_GB\" \/>\n<meta property=\"og:type\" content=\"article\" \/>\n<meta property=\"og:title\" content=\"\u00dcber uns - C.A.R.FIT\" \/>\n<meta property=\"og:description\" content=\"\u00dcber uns Home \u00dcber uns Rebel Family Sie stellen sich sicher die Frage, was es mit dem REBEL FLAIR\u00a0 in unserem Logo auf sich hat? Diese Frage ist ganz einfach zu beantworten: Wir sind ein Team aus Spezialisten, welches sich stets die Frage stellt, welche Produkte der ENDVERBRAUCHER wirklich ben\u00f6tigt und was wir anders machen [&hellip;]\" \/>\n<meta property=\"og:url\" content=\"https:\/\/carfitrepair.com\/en\/ueber-uns\/\" \/>\n<meta property=\"og:site_name\" content=\"C.A.R.FIT\" \/>\n<meta property=\"article:modified_time\" content=\"2023-05-12T07:19:56+00:00\" \/>\n<meta property=\"og:image\" content=\"https:\/\/carfitrepair.com\/wp-content\/uploads\/2023\/04\/carfitrepair-ueber-uns-1024x533.jpg\" \/>\n<meta name=\"twitter:card\" content=\"summary_large_image\" \/>\n<meta name=\"twitter:label1\" content=\"Estimated reading time\" \/>\n\t<meta name=\"twitter:data1\" content=\"2 minutes\" \/>\n<script type=\"application\/ld+json\" class=\"yoast-schema-graph\">{\"@context\":\"https:\/\/schema.org\",\"@graph\":[{\"@type\":\"WebPage\",\"@id\":\"https:\/\/carfitrepair.com\/ueber-uns\/\",\"url\":\"https:\/\/carfitrepair.com\/ueber-uns\/\",\"name\":\"\u00dcber uns - C.A.R.FIT\",\"isPartOf\":{\"@id\":\"https:\/\/carfitrepair.com\/#website\"},\"primaryImageOfPage\":{\"@id\":\"https:\/\/carfitrepair.com\/ueber-uns\/#primaryimage\"},\"image\":{\"@id\":\"https:\/\/carfitrepair.com\/ueber-uns\/#primaryimage\"},\"thumbnailUrl\":\"https:\/\/carfitrepair.com\/wp-content\/uploads\/2023\/04\/carfitrepair-ueber-uns-1024x533.jpg\",\"datePublished\":\"2023-04-04T13:23:00+00:00\",\"dateModified\":\"2023-05-12T07:19:56+00:00\",\"breadcrumb\":{\"@id\":\"https:\/\/carfitrepair.com\/ueber-uns\/#breadcrumb\"},\"inLanguage\":\"en-GB\",\"potentialAction\":[{\"@type\":\"ReadAction\",\"target\":[\"https:\/\/carfitrepair.com\/ueber-uns\/\"]}]},{\"@type\":\"ImageObject\",\"inLanguage\":\"en-GB\",\"@id\":\"https:\/\/carfitrepair.com\/ueber-uns\/#primaryimage\",\"url\":\"https:\/\/carfitrepair.com\/wp-content\/uploads\/2023\/04\/carfitrepair-ueber-uns-1024x533.jpg\",\"contentUrl\":\"https:\/\/carfitrepair.com\/wp-content\/uploads\/2023\/04\/carfitrepair-ueber-uns-1024x533.jpg\"},{\"@type\":\"BreadcrumbList\",\"@id\":\"https:\/\/carfitrepair.com\/ueber-uns\/#breadcrumb\",\"itemListElement\":[{\"@type\":\"ListItem\",\"position\":1,\"name\":\"Startseite\",\"item\":\"https:\/\/carfitrepair.com\/\"},{\"@type\":\"ListItem\",\"position\":2,\"name\":\"\u00dcber uns\"}]},{\"@type\":\"WebSite\",\"@id\":\"https:\/\/carfitrepair.com\/#website\",\"url\":\"https:\/\/carfitrepair.com\/\",\"name\":\"C.A.R.FIT\",\"description\":\"Rebel Flair\",\"publisher\":{\"@id\":\"https:\/\/carfitrepair.com\/#organization\"},\"potentialAction\":[{\"@type\":\"SearchAction\",\"target\":{\"@type\":\"EntryPoint\",\"urlTemplate\":\"https:\/\/carfitrepair.com\/?s={search_term_string}\"},\"query-input\":{\"@type\":\"PropertyValueSpecification\",\"valueRequired\":true,\"valueName\":\"search_term_string\"}}],\"inLanguage\":\"en-GB\"},{\"@type\":\"Organization\",\"@id\":\"https:\/\/carfitrepair.com\/#organization\",\"name\":\"C.A.R.FIT\",\"url\":\"https:\/\/carfitrepair.com\/\",\"logo\":{\"@type\":\"ImageObject\",\"inLanguage\":\"en-GB\",\"@id\":\"https:\/\/carfitrepair.com\/#\/schema\/logo\/image\/\",\"url\":\"https:\/\/carfitrepair.com\/wp-content\/uploads\/2022\/04\/carfitrepair-rebel-flair-logo.svg\",\"contentUrl\":\"https:\/\/carfitrepair.com\/wp-content\/uploads\/2022\/04\/carfitrepair-rebel-flair-logo.svg\",\"width\":1989,\"height\":328,\"caption\":\"C.A.R.FIT\"},\"image\":{\"@id\":\"https:\/\/carfitrepair.com\/#\/schema\/logo\/image\/\"}}]}<\/script>\n<!-- \/ Yoast SEO plugin. -->","yoast_head_json":{"title":"\u00dcber uns - C.A.R.FIT","robots":{"index":"index","follow":"follow","max-snippet":"max-snippet:-1","max-image-preview":"max-image-preview:large","max-video-preview":"max-video-preview:-1"},"canonical":"https:\/\/carfitrepair.com\/en\/ueber-uns\/","og_locale":"en_GB","og_type":"article","og_title":"\u00dcber uns - C.A.R.FIT","og_description":"\u00dcber uns Home \u00dcber uns Rebel Family Sie stellen sich sicher die Frage, was es mit dem REBEL FLAIR\u00a0 in unserem Logo auf sich hat? Diese Frage ist ganz einfach zu beantworten: Wir sind ein Team aus Spezialisten, welches sich stets die Frage stellt, welche Produkte der ENDVERBRAUCHER wirklich ben\u00f6tigt und was wir anders machen [&hellip;]","og_url":"https:\/\/carfitrepair.com\/en\/ueber-uns\/","og_site_name":"C.A.R.FIT","article_modified_time":"2023-05-12T07:19:56+00:00","og_image":[{"url":"https:\/\/carfitrepair.com\/wp-content\/uploads\/2023\/04\/carfitrepair-ueber-uns-1024x533.jpg","type":"","width":"","height":""}],"twitter_card":"summary_large_image","twitter_misc":{"Estimated reading time":"2 minutes"},"schema":{"@context":"https:\/\/schema.org","@graph":[{"@type":"WebPage","@id":"https:\/\/carfitrepair.com\/ueber-uns\/","url":"https:\/\/carfitrepair.com\/ueber-uns\/","name":"\u00dcber uns - C.A.R.FIT","isPartOf":{"@id":"https:\/\/carfitrepair.com\/#website"},"primaryImageOfPage":{"@id":"https:\/\/carfitrepair.com\/ueber-uns\/#primaryimage"},"image":{"@id":"https:\/\/carfitrepair.com\/ueber-uns\/#primaryimage"},"thumbnailUrl":"https:\/\/carfitrepair.com\/wp-content\/uploads\/2023\/04\/carfitrepair-ueber-uns-1024x533.jpg","datePublished":"2023-04-04T13:23:00+00:00","dateModified":"2023-05-12T07:19:56+00:00","breadcrumb":{"@id":"https:\/\/carfitrepair.com\/ueber-uns\/#breadcrumb"},"inLanguage":"en-GB","potentialAction":[{"@type":"ReadAction","target":["https:\/\/carfitrepair.com\/ueber-uns\/"]}]},{"@type":"ImageObject","inLanguage":"en-GB","@id":"https:\/\/carfitrepair.com\/ueber-uns\/#primaryimage","url":"https:\/\/carfitrepair.com\/wp-content\/uploads\/2023\/04\/carfitrepair-ueber-uns-1024x533.jpg","contentUrl":"https:\/\/carfitrepair.com\/wp-content\/uploads\/2023\/04\/carfitrepair-ueber-uns-1024x533.jpg"},{"@type":"BreadcrumbList","@id":"https:\/\/carfitrepair.com\/ueber-uns\/#breadcrumb","itemListElement":[{"@type":"ListItem","position":1,"name":"Startseite","item":"https:\/\/carfitrepair.com\/"},{"@type":"ListItem","position":2,"name":"\u00dcber uns"}]},{"@type":"WebSite","@id":"https:\/\/carfitrepair.com\/#website","url":"https:\/\/carfitrepair.com\/","name":"C.A.R.FIT","description":"Rebel Flair","publisher":{"@id":"https:\/\/carfitrepair.com\/#organization"},"potentialAction":[{"@type":"SearchAction","target":{"@type":"EntryPoint","urlTemplate":"https:\/\/carfitrepair.com\/?s={search_term_string}"},"query-input":{"@type":"PropertyValueSpecification","valueRequired":true,"valueName":"search_term_string"}}],"inLanguage":"en-GB"},{"@type":"Organization","@id":"https:\/\/carfitrepair.com\/#organization","name":"C.A.R.FIT","url":"https:\/\/carfitrepair.com\/","logo":{"@type":"ImageObject","inLanguage":"en-GB","@id":"https:\/\/carfitrepair.com\/#\/schema\/logo\/image\/","url":"https:\/\/carfitrepair.com\/wp-content\/uploads\/2022\/04\/carfitrepair-rebel-flair-logo.svg","contentUrl":"https:\/\/carfitrepair.com\/wp-content\/uploads\/2022\/04\/carfitrepair-rebel-flair-logo.svg","width":1989,"height":328,"caption":"C.A.R.FIT"},"image":{"@id":"https:\/\/carfitrepair.com\/#\/schema\/logo\/image\/"}}]}},"_links":{"self":[{"href":"https:\/\/carfitrepair.com\/en\/wp-json\/wp\/v2\/pages\/9605","targetHints":{"allow":["GET"]}}],"collection":[{"href":"https:\/\/carfitrepair.com\/en\/wp-json\/wp\/v2\/pages"}],"about":[{"href":"https:\/\/carfitrepair.com\/en\/wp-json\/wp\/v2\/types\/page"}],"author":[{"embeddable":true,"href":"https:\/\/carfitrepair.com\/en\/wp-json\/wp\/v2\/users\/1"}],"replies":[{"embeddable":true,"href":"https:\/\/carfitrepair.com\/en\/wp-json\/wp\/v2\/comments?post=9605"}],"version-history":[{"count":0,"href":"https:\/\/carfitrepair.com\/en\/wp-json\/wp\/v2\/pages\/9605\/revisions"}],"wp:attachment":[{"href":"https:\/\/carfitrepair.com\/en\/wp-json\/wp\/v2\/media?parent=9605"}],"curies":[{"name":"wp","href":"https:\/\/api.w.org\/{rel}","templated":true}]}}